{"id":3,"date":"2023-03-25T14:22:17","date_gmt":"2023-03-25T13:22:17","guid":{"rendered":"https:\/\/www.wegbegleiter-oth.de\/?page_id=3"},"modified":"2023-03-25T16:40:45","modified_gmt":"2023-03-25T15:40:45","slug":"datenschutzerklaerung","status":"publish","type":"page","link":"https:\/\/www.wegbegleiter-oth.de\/?page_id=3","title":{"rendered":"Impressum \/ Datenschutzerkl\u00e4rung"},"content":{"rendered":"\n<h2 class=\"wp-block-heading\"><\/h2>\n\n\n\n<p><strong>IMPRESSUM:<\/strong><\/p>\n\n\n\n<p><strong>Gesch\u00e4ftsanschrift des Vereins<\/strong><\/p>\n\n\n\n<p>Vereinsregisternummer: VR720470<br>Angelika Gremmelspacher<br>M\u00fcller-Thurgau-Weg 5<br>70329 Stuttgart<\/p>\n\n\n\n<p><strong>Vorstand<\/strong><\/p>\n\n\n\n<p>Angelika Gremmelspacher<br><a href=\"mailto:vorstand@wegbegleiter-oth.de\">vorstand@wegbegleiter-oth.de<\/a><\/p>\n\n\n\n<p>Kathrin Hartelt<br><a href=\"mailto:vorstand@wegbegleiter-oth.de\">vorstand@wegbegleiter-oth.de<\/a><\/p>\n\n\n\n<p><strong>Unsere Kontoverbindung<\/strong><\/p>\n\n\n\n<p>Die Wegbegleiter<br>IBAN: DE34 6006 0396 0040 4090 07<br>Untert\u00fcrkheimer Volksbank<br>BIC: GENODES1UTV (Stuttgart)<\/p>\n\n\n\n<p><strong>Verantwortlich f\u00fcr<br>den Internetauftritt<\/strong><\/p>\n\n\n\n<p>Michael Keller<br><a href=\"mailto:%20webmaster@wegbegleiter-oth.de\">webmaster@wegbegleiter-oth.de<\/a><\/p>\n\n\n\n<p><strong>DATENSCHUTZHINWEISE:<br><\/strong>Die Nutzung unserer Webseite ist in der Regel ohne Angabe personenbezogener Daten m\u00f6glich. Soweit auf unseren Seiten personenbezogene Daten (beispielsweise Name, Anschrift oder E-Mail-Adressen) erhoben werden, erfolgt dies, soweit m\u00f6glich, stets auf freiwilliger Basis. Diese Daten werden ohne Ihre ausdr\u00fcckliche Zustimmung nicht an weitere Dritte weitergegeben.<\/p>\n\n\n\n<p><strong>SSL-VERSCHL\u00dcSSELUNG<\/strong><br>Um die Sicherheit Ihrer Daten bei der \u00dcbertragung zu sch\u00fctzen, verwenden wir dem aktuellen Stand der Technik entsprechende Verschl\u00fcsselungsverfahren (z. B. SSL) \u00fcber HTTPS.<\/p>\n\n\n\n<p><strong>Nutzung von Jetpack:<br><\/strong>Wir nutzen auf Grundlage unserer berechtigten Interessen (d.h. Interesse an der Analyse, Optimierung und wirtschaftlichem Betrieb unseres Onlineangebotes im Sinne des Art. 6 Abs. 1 lit. f. DSGVO) das Plugin Jetpack (hier die Unterfunktion \u201eWordpress Stats\u201c), welches ein Tool zur statistischen Auswertung der Besucherzugriffe einbindet und von Automattic Inc., 60 29th Street #343, San Francisco, CA 94110, USA. Jetpack verwendet sog. \u201eCookies\u201c, Textdateien, die auf Ihrem Computer gespeichert werden und die eine Analyse der Benutzung der Website durch Sie erm\u00f6glichen.<\/p>\n\n\n\n<p>Die durch das Cookie erzeugten Informationen \u00fcber Ihre Benutzung dieses Onlineangebotes werden auf einem Server in den USA gespeichert. Dabei k\u00f6nnen aus den verarbeiteten Daten Nutzungsprofile der Nutzer erstellt werden, wobei diese nur zu Analyse- und nicht zu Werbezwecken eingesetzt werden. Weitere Informationen erhalten Sie in den Datenschutzerkl\u00e4rungen von Automattic:&nbsp;<a href=\"https:\/\/automattic.com\/privacy\/\" target=\"_blank\" rel=\"noreferrer noopener\">https:\/\/automattic.com\/privacy\/<\/a>&nbsp;und Hinweisen zu Jetpack-Cookies:&nbsp;<a href=\"https:\/\/jetpack.com\/support\/cookies\/\" target=\"_blank\" rel=\"noreferrer noopener\">https:\/\/jetpack.com\/support\/cookies\/<\/a>.<\/p>\n\n\n\n<p id=\"dsgcopyright\"><a href=\"https:\/\/datenschutz-generator.de\/\" target=\"_blank\" rel=\"noreferrer noopener\">Erstellt mit Datenschutz-Generator.de von RA Dr. jur. Thomas Schwenke<\/a><\/p>\n\n\n\n<p><strong>Datenschutzerkl\u00e4rung Cookies<br><\/strong>Diese Website erf\u00fcllt die Pflicht zum Hinweis auf den Einsatz von Cookies. Durch die Verwendung von Cookies k\u00f6nnen Internetseiten nutzerfreundlich, effektiv und sicherer gemacht werden. Dabei werden Textdateien mit Informationspunkten auf Basis von Nutzeraktivit\u00e4ten tempor\u00e4r im Browser des Benutzers abgelegt. Besuchs-Pr\u00e4ferenzen und Webseiten-Einstellungen k\u00f6nnen somit definiert und gespeichert werden. Die gespeicherten Cookies k\u00f6nnen f\u00fcr jede Website eingesehen und verwaltet werden:<\/p>\n\n\n\n<ul class=\"wp-block-list\">\n<li>Chrome: Klicken Sie oben neben der Adresszeile auf das Schloss (bei SSL-zertifizierten Seiten) bzw. das Informations-Symbol (i). W\u00e4hlen Sie [Zahl] werden verwendet.<\/li>\n\n\n\n<li>Firefox: Klicken Sie links oben neben der Webadresse auf das Symbol. Folgen Sie dem Klickfeld nach rechts und w\u00e4hlen Sie \u201eWeitere Informationen\u201c. Die Cookie-Verwaltung befindet sich unter \u201eDatenschutz &amp; Chronik\u201c<\/li>\n\n\n\n<li>Internet-Explorer: W\u00e4hlen Sie hinter dem Zahnrad-Symbol die Schaltfl\u00e4che \u201eExtras\u201c &gt; \u201eInternetoptionen\u201c. Klicken Sie die Registerkarte \u201eDatenschutz\u201c. Unter Einstellungen finden Sie den Punkt \u201eErweitert\u201c mit den Verwaltungsoptionen f\u00fcr Cookies.<\/li>\n<\/ul>\n\n\n\n<p>Mit der Speicherung von Cookies erm\u00f6glichen Sie dieser Homepage inhaltliche und strukturelle Anpassung an die individuellen Besucherbed\u00fcrfnisse. Webseiteneinstellungen werden zeitlich befristet gespeichert und bei erneutem Besuch abgerufen. Mit Anwendung der DSGVO 2018 sind Webmaster dazu verpflichtet, der unter&nbsp;<a href=\"https:\/\/eu-datenschutz.org\/\" target=\"_blank\" rel=\"noreferrer noopener\">https:\/\/eu-datenschutz.org\/<\/a>&nbsp;ver\u00f6ffentlichten Grundverordnung Folge zu leisten und seine Nutzer entsprechend \u00fcber die Erfassung und Auswertung von Daten in Kenntnis zu setzen. Die Rechtm\u00e4\u00dfigkeit der Verarbeitung ist in Kapitel 2, Artikel 6 der DSGVO begr\u00fcndet.<\/p>\n\n\n\n<p>Quelle des Cookie Hinweises:&nbsp;<a href=\"http:\/\/eigene-homepage.net\/\" target=\"_blank\" rel=\"noreferrer noopener\">eigene-homepage.net<\/a><\/p>\n\n\n\n<p><strong>Auskunft, L\u00f6schung, Sperrung<br><\/strong>Sie haben jederzeit das Recht auf unentgeltliche Auskunft \u00fcber Ihre gespeicherten personenbezogenen Daten, deren Herkunft und Empf\u00e4nger und den Zweck der Datenverarbeitung sowie ein Recht auf Berichtigung, Sperrung oder L\u00f6schung dieser Daten. Hierzu sowie zu weiteren Fragen zum Thema personenbezogene Daten k\u00f6nnen Sie sich jederzeit \u00fcber die im Impressum angegeben Adresse des Webseitenbetreibers an uns wenden.<\/p>\n\n\n\n<p><strong>Urheberrechtshinweise:<\/strong><br>Der Inhalt dieser Homepage (inkl. Fotos, Grafiken, Layout) ist nach dem deutschen Urheberrecht gesch\u00fctzt. Ohne Einverst\u00e4ndnis ist jegliche Ver\u00f6ffentlichung unzul\u00e4ssig (\u00a7 17 UrhG); ein Versto\u00df ist strafbar.<\/p>\n\n\n\n<p><strong>Verlinkungen:<br><\/strong>Wichtige Hinweise: Mit Urteil vom 12. Mai 1998 hat das Landgericht Hamburg entschieden, dass man durch die Ausbringung eines Links die Inhalte der gelinkten Seite ggf. mit zu verantworten hat. Dies kann \u2013 so das LG \u2013 nur dadurch verhindert werden, dass man sich ausdr\u00fccklich von diesen Inhalten distanziert. Wir haben auf dieser Webseite Links zu anderen Seiten im Internet gelegt. F\u00fcr alle diese Links gilt: Wir m\u00f6chten ausdr\u00fccklich betonen, dass wir und der Provider keinerlei Einfluss auf die Gestaltung und die Inhalte der gelinkten Seiten habe.<\/p>\n\n\n\n<p>Deshalb distanzieren wir uns hiermit ausdr\u00fccklich von allen Inhalten aller gelinkten Seiten auf dieser Webseite.<br>Diese Erkl\u00e4rung gilt f\u00fcr alle auf dieser Webseite angebrachten Links und f\u00fcr alle Inhalte der Seiten, zu denen die Links oder Banner f\u00fchren.<\/p>\n","protected":false},"excerpt":{"rendered":"<p>IMPRESSUM: Gesch\u00e4ftsanschrift des Vereins Vereinsregisternummer: VR720470Angelika GremmelspacherM\u00fcller-Thurgau-Weg 570329 Stuttgart Vorstand Angelika Gremmelspachervorstand@wegbegleiter-oth.de Kathrin Harteltvorstand@wegbegleiter-oth.de Unsere Kontoverbindung Die WegbegleiterIBAN: DE34 6006 0396 0040 4090 07Untert\u00fcrkheimer VolksbankBIC: GENODES1UTV (Stuttgart) Verantwortlich f\u00fcrden Internetauftritt Michael Kellerwebmaster@wegbegleiter-oth.de DATENSCHUTZHINWEISE:Die Nutzung unserer Webseite ist in der Regel ohne Angabe personenbezogener Daten m\u00f6glich. Soweit auf unseren Seiten personenbezogene Daten (beispielsweise Name, Anschrift oder &hellip; <\/p>\n<p class=\"link-more\"><a href=\"https:\/\/www.wegbegleiter-oth.de\/?page_id=3\" class=\"more-link\"><span class=\"screen-reader-text\">\u201eImpressum \/ Datenschutzerkl\u00e4rung\u201c<\/span> weiterlesen<\/a><\/p>\n","protected":false},"author":1,"featured_media":0,"parent":0,"menu_order":0,"comment_status":"closed","ping_status":"open","template":"","meta":{"footnotes":""},"class_list":["post-3","page","type-page","status-publish","hentry"],"_links":{"self":[{"href":"https:\/\/www.wegbegleiter-oth.de\/index.php?rest_route=\/wp\/v2\/pages\/3","targetHints":{"allow":["GET"]}}],"collection":[{"href":"https:\/\/www.wegbegleiter-oth.de\/index.php?rest_route=\/wp\/v2\/pages"}],"about":[{"href":"https:\/\/www.wegbegleiter-oth.de\/index.php?rest_route=\/wp\/v2\/types\/page"}],"author":[{"embeddable":true,"href":"https:\/\/www.wegbegleiter-oth.de\/index.php?rest_route=\/wp\/v2\/users\/1"}],"replies":[{"embeddable":true,"href":"https:\/\/www.wegbegleiter-oth.de\/index.php?rest_route=%2Fwp%2Fv2%2Fcomments&post=3"}],"version-history":[{"count":1,"href":"https:\/\/www.wegbegleiter-oth.de\/index.php?rest_route=\/wp\/v2\/pages\/3\/revisions"}],"predecessor-version":[{"id":36,"href":"https:\/\/www.wegbegleiter-oth.de\/index.php?rest_route=\/wp\/v2\/pages\/3\/revisions\/36"}],"wp:attachment":[{"href":"https:\/\/www.wegbegleiter-oth.de\/index.php?rest_route=%2Fwp%2Fv2%2Fmedia&parent=3"}],"curies":[{"name":"wp","href":"https:\/\/api.w.org\/{rel}","templated":true}]}}